{"id":5289,"date":"2025-09-08T21:01:50","date_gmt":"2025-09-08T21:01:50","guid":{"rendered":"https:\/\/orange-meerkat-713527.hostingersite.com\/product\/sweet-cardamom-perfume\/"},"modified":"2025-09-08T21:01:50","modified_gmt":"2025-09-08T21:01:50","slug":"sweet-cardamom-perfume","status":"publish","type":"product","link":"https:\/\/corlib.com.br\/en\/product\/sweet-cardamom-perfume\/","title":{"rendered":"Sweet Cardamom Perfume"},"content":{"rendered":"<p data-start=\"430\" data-end=\"490\">Cardamomo Doce<br data-start=\"460\" data-end=\"463\" \/>Perfume de Cardamomo Doce<\/p>\n<p data-start=\"492\" data-end=\"598\">e\u00b7250ml\u2026\u20268.45FL.0Z.<br data-start=\"511\" data-end=\"514\" \/>Estilo principal: Gourmet oriental<br data-start=\"548\" data-end=\"551\" \/>Idade: 16-30+<br data-start=\"564\" data-end=\"567\" \/>Dura\u00e7\u00e3o da fragr\u00e2ncia: 7 dias<\/p>\n<p data-start=\"600\" data-end=\"655\"><strong data-start=\"600\" data-end=\"626\">Atributo da fragr\u00e2ncia<\/strong><br data-start=\"626\" data-end=\"629\" \/>Fragr\u00e2ncia leve feminina<\/p>\n<p data-start=\"657\" data-end=\"769\"><strong data-start=\"657\" data-end=\"677\">Notas principais<\/strong><br data-start=\"677\" data-end=\"680\" \/>\u00d3leo essencial de baunilha de Madagascar selecionado \/ Tuberosa indiana \/ \u00c2mbar polon\u00eas<\/p>\n<p data-start=\"771\" data-end=\"964\"><strong data-start=\"771\" data-end=\"793\">Conceito de design<\/strong><br data-start=\"793\" data-end=\"796\" \/>Inspirado em um pomar ensolarado, este perfume \u00e9 como uma doce tenta\u00e7\u00e3o que desperta momentos felizes e despreocupados, transmitindo a do\u00e7ura e a vitalidade naturais.<\/p>\n","protected":false},"excerpt":{"rendered":"<p>Cardamomo DocePerfume de Cardamomo Doce e\u00b7250ml\u2026\u20268.45FL.0Z.Estilo principal: Gourmet orientalIdade: 16-30+Dura\u00e7\u00e3o da fragr\u00e2ncia: 7 dias Atributo da fragr\u00e2nciaFragr\u00e2ncia leve feminina Notas principais\u00d3leo essencial de baunilha de Madagascar selecionado \/ Tuberosa indiana \/ \u00c2mbar polon\u00eas Conceito de designInspirado em um pomar ensolarado, este perfume \u00e9 como uma doce tenta\u00e7\u00e3o que desperta momentos felizes e despreocupados, transmitindo a [&hellip;]<\/p>\n","protected":false},"featured_media":2891,"comment_status":"open","ping_status":"closed","template":"","meta":[],"product_brand":[],"product_cat":[63],"product_tag":[],"class_list":{"0":"post-5289","1":"product","2":"type-product","3":"status-publish","4":"has-post-thumbnail","6":"product_cat-corlib-en","8":"first","9":"instock","10":"shipping-taxable","11":"product-type-simple"},"_links":{"self":[{"href":"https:\/\/corlib.com.br\/en\/wp-json\/wp\/v2\/product\/5289","targetHints":{"allow":["GET"]}}],"collection":[{"href":"https:\/\/corlib.com.br\/en\/wp-json\/wp\/v2\/product"}],"about":[{"href":"https:\/\/corlib.com.br\/en\/wp-json\/wp\/v2\/types\/product"}],"replies":[{"embeddable":true,"href":"https:\/\/corlib.com.br\/en\/wp-json\/wp\/v2\/comments?post=5289"}],"version-history":[{"count":0,"href":"https:\/\/corlib.com.br\/en\/wp-json\/wp\/v2\/product\/5289\/revisions"}],"wp:featuredmedia":[{"embeddable":true,"href":"https:\/\/corlib.com.br\/en\/wp-json\/wp\/v2\/media\/2891"}],"wp:attachment":[{"href":"https:\/\/corlib.com.br\/en\/wp-json\/wp\/v2\/media?parent=5289"}],"wp:term":[{"taxonomy":"product_brand","embeddable":true,"href":"https:\/\/corlib.com.br\/en\/wp-json\/wp\/v2\/product_brand?post=5289"},{"taxonomy":"product_cat","embeddable":true,"href":"https:\/\/corlib.com.br\/en\/wp-json\/wp\/v2\/product_cat?post=5289"},{"taxonomy":"product_tag","embeddable":true,"href":"https:\/\/corlib.com.br\/en\/wp-json\/wp\/v2\/product_tag?post=5289"}],"curies":[{"name":"wp","href":"https:\/\/api.w.org\/{rel}","templated":true}]}}