{"id":5291,"date":"2025-08-08T01:22:46","date_gmt":"2025-08-08T01:22:46","guid":{"rendered":"https:\/\/orange-meerkat-713527.hostingersite.com\/product\/batom-hidratante-ultra-macio-cor-rubi-intenso\/"},"modified":"2025-08-08T01:22:46","modified_gmt":"2025-08-08T01:22:46","slug":"batom-hidratante-ultra-macio-cor-rubi-intenso","status":"publish","type":"product","link":"https:\/\/corlib.com.br\/en\/product\/batom-hidratante-ultra-macio-cor-rubi-intenso\/","title":{"rendered":"Sweet Cardamom Perfume"},"content":{"rendered":"<p data-start=\"915\" data-end=\"934\">e\u00b7250ml\u2026\u20268.45FL.0Z. Estilo principal: Gourmet oriental Idade: 16-30+ Dura\u00e7\u00e3o da fragr\u00e2ncia: 7 dias<\/p>\n<p>Cardamomo Doce<br \/>\nPerfume de Cardamomo Doce<\/p>\n<p>e\u00b7250ml\u2026\u20268.45FL.0Z. Estilo principal: Gourmet oriental Idade: 16-30+ Dura\u00e7\u00e3o da fragr\u00e2ncia: 7 dias<br \/>\nAtributo da fragr\u00e2ncia: Fragr\u00e2ncia leve feminina<br \/>\n\u00d3leo essencial de baunilha de Madagascar selecionado \/ Tuberosa indiana \/ \u00c2mbar polon\u00eas<br \/>\nConceito de design: Inspirado no pomar ensolarado, o perfume, como uma doce tenta\u00e7\u00e3o, desperta momentos felizes e despreocupados e transmite a do\u00e7ura e a vitalidade naturais.<\/p>\n","protected":false},"excerpt":{"rendered":"<p>e\u00b7250ml\u2026\u20268.45FL.0Z. Estilo principal: Gourmet oriental Idade: 16-30+ Dura\u00e7\u00e3o da fragr\u00e2ncia: 7 dias Cardamomo Doce Perfume de Cardamomo Doce e\u00b7250ml\u2026\u20268.45FL.0Z. Estilo principal: Gourmet oriental Idade: 16-30+ Dura\u00e7\u00e3o da fragr\u00e2ncia: 7 dias Atributo da fragr\u00e2ncia: Fragr\u00e2ncia leve feminina \u00d3leo essencial de baunilha de Madagascar selecionado \/ Tuberosa indiana \/ \u00c2mbar polon\u00eas Conceito de design: Inspirado no pomar [&hellip;]<\/p>\n","protected":false},"featured_media":2903,"comment_status":"open","ping_status":"closed","template":"","meta":[],"product_brand":[],"product_cat":[65],"product_tag":[],"class_list":{"0":"post-5291","1":"product","2":"type-product","3":"status-publish","4":"has-post-thumbnail","6":"product_cat-perfumes-en","8":"first","9":"instock","10":"shipping-taxable","11":"product-type-simple"},"_links":{"self":[{"href":"https:\/\/corlib.com.br\/en\/wp-json\/wp\/v2\/product\/5291","targetHints":{"allow":["GET"]}}],"collection":[{"href":"https:\/\/corlib.com.br\/en\/wp-json\/wp\/v2\/product"}],"about":[{"href":"https:\/\/corlib.com.br\/en\/wp-json\/wp\/v2\/types\/product"}],"replies":[{"embeddable":true,"href":"https:\/\/corlib.com.br\/en\/wp-json\/wp\/v2\/comments?post=5291"}],"version-history":[{"count":0,"href":"https:\/\/corlib.com.br\/en\/wp-json\/wp\/v2\/product\/5291\/revisions"}],"wp:featuredmedia":[{"embeddable":true,"href":"https:\/\/corlib.com.br\/en\/wp-json\/wp\/v2\/media\/2903"}],"wp:attachment":[{"href":"https:\/\/corlib.com.br\/en\/wp-json\/wp\/v2\/media?parent=5291"}],"wp:term":[{"taxonomy":"product_brand","embeddable":true,"href":"https:\/\/corlib.com.br\/en\/wp-json\/wp\/v2\/product_brand?post=5291"},{"taxonomy":"product_cat","embeddable":true,"href":"https:\/\/corlib.com.br\/en\/wp-json\/wp\/v2\/product_cat?post=5291"},{"taxonomy":"product_tag","embeddable":true,"href":"https:\/\/corlib.com.br\/en\/wp-json\/wp\/v2\/product_tag?post=5291"}],"curies":[{"name":"wp","href":"https:\/\/api.w.org\/{rel}","templated":true}]}}