{"id":5293,"date":"2025-08-07T10:53:26","date_gmt":"2025-08-07T10:53:26","guid":{"rendered":"https:\/\/orange-meerkat-713527.hostingersite.com\/product\/batom-vermelho-corlib\/"},"modified":"2025-08-07T10:53:26","modified_gmt":"2025-08-07T10:53:26","slug":"batom-vermelho-corlib","status":"publish","type":"product","link":"https:\/\/corlib.com.br\/en\/product\/batom-vermelho-corlib\/","title":{"rendered":"Apricot Essence Perfume"},"content":{"rendered":"<p>Ess\u00eancia de Damasco<br \/>\nPerfume Ess\u00eancia de Damasco<\/p>\n<p>e\u00b7250ml\u2026\u20268.45FL.0Z. Estilo principal: Oriental gourmet. Idade: 16-30+. Dura\u00e7\u00e3o da fragr\u00e2ncia: 7 dias.<br \/>\nAtributo da fragr\u00e2ncia: Fragr\u00e2ncia leve e feminina.<br \/>\nConceito de design: o uso de tons din\u00e2micos de plantas transmite uma atmosfera fresca e natural. \u00c0 medida que a eleg\u00e2ncia penetra na alma, desperta seu anseio infinito por uma vida requintada.<br \/>\n\u00d3leo de Baunilha de Madagascar selecionado \/ \u00d3leo de Jasmim da \u00cdndia \/ \u00d3leo de Cacau do Brasil<\/p>\n","protected":false},"excerpt":{"rendered":"<p>Ess\u00eancia de Damasco Perfume Ess\u00eancia de Damasco e\u00b7250ml\u2026\u20268.45FL.0Z. Estilo principal: Oriental gourmet. Idade: 16-30+. Dura\u00e7\u00e3o da fragr\u00e2ncia: 7 dias. Atributo da fragr\u00e2ncia: Fragr\u00e2ncia leve e feminina. Conceito de design: o uso de tons din\u00e2micos de plantas transmite uma atmosfera fresca e natural. \u00c0 medida que a eleg\u00e2ncia penetra na alma, desperta seu anseio infinito por [&hellip;]<\/p>\n","protected":false},"featured_media":2901,"comment_status":"open","ping_status":"closed","template":"","meta":[],"product_brand":[],"product_cat":[65],"product_tag":[],"class_list":{"0":"post-5293","1":"product","2":"type-product","3":"status-publish","4":"has-post-thumbnail","6":"product_cat-perfumes-en","8":"first","9":"instock","10":"shipping-taxable","11":"product-type-simple"},"_links":{"self":[{"href":"https:\/\/corlib.com.br\/en\/wp-json\/wp\/v2\/product\/5293","targetHints":{"allow":["GET"]}}],"collection":[{"href":"https:\/\/corlib.com.br\/en\/wp-json\/wp\/v2\/product"}],"about":[{"href":"https:\/\/corlib.com.br\/en\/wp-json\/wp\/v2\/types\/product"}],"replies":[{"embeddable":true,"href":"https:\/\/corlib.com.br\/en\/wp-json\/wp\/v2\/comments?post=5293"}],"version-history":[{"count":0,"href":"https:\/\/corlib.com.br\/en\/wp-json\/wp\/v2\/product\/5293\/revisions"}],"wp:featuredmedia":[{"embeddable":true,"href":"https:\/\/corlib.com.br\/en\/wp-json\/wp\/v2\/media\/2901"}],"wp:attachment":[{"href":"https:\/\/corlib.com.br\/en\/wp-json\/wp\/v2\/media?parent=5293"}],"wp:term":[{"taxonomy":"product_brand","embeddable":true,"href":"https:\/\/corlib.com.br\/en\/wp-json\/wp\/v2\/product_brand?post=5293"},{"taxonomy":"product_cat","embeddable":true,"href":"https:\/\/corlib.com.br\/en\/wp-json\/wp\/v2\/product_cat?post=5293"},{"taxonomy":"product_tag","embeddable":true,"href":"https:\/\/corlib.com.br\/en\/wp-json\/wp\/v2\/product_tag?post=5293"}],"curies":[{"name":"wp","href":"https:\/\/api.w.org\/{rel}","templated":true}]}}